{"id":819,"date":"2025-05-12T10:46:09","date_gmt":"2025-05-12T10:46:09","guid":{"rendered":"https:\/\/metafilozofija.uniri.hr\/?page_id=819"},"modified":"2025-11-04T11:56:20","modified_gmt":"2025-11-04T11:56:20","slug":"publications","status":"publish","type":"page","link":"https:\/\/metafilozofija.uniri.hr\/?page_id=819","title":{"rendered":"Output"},"content":{"rendered":"\n<h2 class=\"wp-block-heading\">Publications<\/h2>\n\n\n\n<ul class=\"wp-block-list\">\n<li>Balorda, V., &amp; \u0160ustar P. (2025). Natural Selection: A Mechanism, a Pathway or a Little Bit of Both?<em>&nbsp;Journal for General Philosophy of Science<\/em>. <a href=\"https:\/\/doi.org\/10.1007\/s10838-024-09711-7\" target=\"_blank\" rel=\"noreferrer noopener\">https:\/\/doi.org\/10.1007\/s10838-024-09711-7<\/a>. (Q1, Springer) (view-only version: <a href=\"https:\/\/rdcu.be\/eh4j2\" target=\"_blank\" rel=\"noreferrer noopener\">https:\/\/rdcu.be\/eh4j2<\/a>)<\/li>\n<\/ul>\n\n\n\n<h2 class=\"wp-block-heading\">Book Chapters<\/h2>\n\n\n\n<ul class=\"wp-block-list\">\n<li>Jandri\u0107, A. <em>Gertrude Elizabeth Margaret Anscombe: Beskompromisna i nepokolebljiva &#8220;gospo\u0111ica&#8221; analiti\u010dke filozofije<\/em>, u: \u0106uk, B. (ur.), <em>Tko su te filozofkinje?<\/em>, svezak drugi. Zagreb: Fakultet filozofije i religijskih znanosti. ISBN 978-953-8438-09-7.<\/li>\n<\/ul>\n\n\n\n<h2 class=\"wp-block-heading\">Book Discussion<\/h2>\n\n\n\n<ul class=\"wp-block-list\">\n<li>Williamson, T., Ber\u010di\u0107, B., Sav\u010di\u0107, K., \u010ce\u010d, F., Jandri\u0107, A., Balorda, V. i Rajter, M. (2025). Book Discussion: Timothy Williamson, Overfitting and Heuristics in Philosophy.\u00a0<em>Prolegomena, 24<\/em>\u00a0(1), 155-179.<\/li>\n<\/ul>\n\n\n\n<h2 class=\"wp-block-heading\"><strong>Public Philosophy\/Science Outreach<\/strong>\/Dissemination<\/h2>\n\n\n\n<ul class=\"wp-block-list\">\n<li>Balorda, V., &amp; Crnko, T. (2025, October). <em>How Can Philosophers Rebuild Trust in Science?<\/em> <em>Blog of the American Philosophical Association<\/em>. <a href=\"https:\/\/blog.apaonline.org\/2025\/10\/13\/how-can-we-rebuild-trust-in-science\/\">How Can Philosophers Rebuild Trust in Science? | Blog of the APA<\/a><\/li>\n\n\n\n<li>Balorda, V., &amp; Crnko, T. (2025, May). <em>Pitaj filozofa: Kako vratiti povjerenje u znanost? Kronika<\/em>. <a href=\"https:\/\/kronika.ifzg.hr\/2025\/05\/12\/pitaj-filozofa-kako-vratiti-povjerenje-u-znanost\/\">https:\/\/kronika.ifzg.hr\/2025\/05\/12\/pitaj-filozofa-kako-vratiti-povjerenje-u-znanost\/<\/a><\/li>\n\n\n\n<li>Balorda, V. &amp; Crnko, T. (2025, May). <em>Znanost na aparatima? Filozofi dolaze u pomo\u0107<\/em> [Festival Presentation]. Pint of Science Festival 2025, Rijeka, Croatia.<\/li>\n\n\n\n<li>Boran, B. (2025, April). <em>Ivan Supek and the IUC Dubrovnik<\/em> [Conference Presentation]. IUC Metaphysics, Dubrovnik, Croatia.<\/li>\n<\/ul>\n\n\n\n<p><\/p>\n","protected":false},"excerpt":{"rendered":"<p>Publications Book Chapters Book Discussion Public Philosophy\/Science Outreach\/Dissemination<\/p>\n","protected":false},"author":2,"featured_media":0,"parent":0,"menu_order":0,"comment_status":"closed","ping_status":"closed","template":"","meta":{"neve_meta_sidebar":"","neve_meta_container":"","neve_meta_enable_content_width":"","neve_meta_content_width":0,"neve_meta_title_alignment":"","neve_meta_author_avatar":"","neve_post_elements_order":"","neve_meta_disable_header":"","neve_meta_disable_footer":"","neve_meta_disable_title":"","_themeisle_gutenberg_block_has_review":false,"footnotes":""},"class_list":["post-819","page","type-page","status-publish","hentry"],"_links":{"self":[{"href":"https:\/\/metafilozofija.uniri.hr\/index.php?rest_route=\/wp\/v2\/pages\/819","targetHints":{"allow":["GET"]}}],"collection":[{"href":"https:\/\/metafilozofija.uniri.hr\/index.php?rest_route=\/wp\/v2\/pages"}],"about":[{"href":"https:\/\/metafilozofija.uniri.hr\/index.php?rest_route=\/wp\/v2\/types\/page"}],"author":[{"embeddable":true,"href":"https:\/\/metafilozofija.uniri.hr\/index.php?rest_route=\/wp\/v2\/users\/2"}],"replies":[{"embeddable":true,"href":"https:\/\/metafilozofija.uniri.hr\/index.php?rest_route=%2Fwp%2Fv2%2Fcomments&post=819"}],"version-history":[{"count":11,"href":"https:\/\/metafilozofija.uniri.hr\/index.php?rest_route=\/wp\/v2\/pages\/819\/revisions"}],"predecessor-version":[{"id":989,"href":"https:\/\/metafilozofija.uniri.hr\/index.php?rest_route=\/wp\/v2\/pages\/819\/revisions\/989"}],"wp:attachment":[{"href":"https:\/\/metafilozofija.uniri.hr\/index.php?rest_route=%2Fwp%2Fv2%2Fmedia&parent=819"}],"curies":[{"name":"wp","href":"https:\/\/api.w.org\/{rel}","templated":true}]}}